{"id":30,"date":"2025-09-15T00:38:16","date_gmt":"2025-09-15T00:38:16","guid":{"rendered":"https:\/\/planonorteencorto.mx\/festival\/?page_id=30"},"modified":"2025-11-15T12:07:03","modified_gmt":"2025-11-15T18:07:03","slug":"boletos","status":"publish","type":"page","link":"https:\/\/planonorteencorto.mx\/festival\/boletos\/","title":{"rendered":"Boletos"},"content":{"rendered":"\n<p>Todas las actividades son de <strong>entrada libre,<\/strong> es importante llegues temprano y ser respetuosos con el cuidado de los espacios de nuestra cineteca.<\/p>\n\n\n\n<p>Invita a tus amigos y colegas, juntos construimos una comunidad de cine m\u00e1s fuerte m\u00e1s activa y cada d\u00eda m\u00e1s productiva<\/p>\n\n\n\n<p><strong>La cineteca Nuevo Le\u00f3n esta dentro de parque fundidora.<\/strong><\/p>\n\n\n\n<iframe src=\"https:\/\/www.google.com\/maps\/embed?pb=!1m18!1m12!1m3!1d3595.8049415450646!2d-100.28433!3d25.677760000000003!2m3!1f0!2f0!3f0!3m2!1i1024!2i768!4f13.1!3m3!1m2!1s0x8662956024cdff07%3A0x2a0f51b44597659e!2sCineteca%20y%20Fototeca%20Nuevo%20Le%C3%B3n%20%7C%20CONARTE!5e0!3m2!1ses-419!2smx!4v1763229897509!5m2!1ses-419!2smx\" width=\"600\" height=\"450\" style=\"border:0;\" allowfullscreen=\"\" loading=\"lazy\" referrerpolicy=\"no-referrer-when-downgrade\"><\/iframe>\n","protected":false},"excerpt":{"rendered":"<p>Todas las actividades son de entrada libre, es importante llegues temprano y ser respetuosos con el cuidado de los espacios de nuestra cineteca. Invita a tus amigos y colegas, juntos construimos una comunidad de&#46;&#46;&#46;<\/p>\n","protected":false},"author":1,"featured_media":0,"parent":0,"menu_order":0,"comment_status":"closed","ping_status":"closed","template":"","meta":{"footnotes":""},"class_list":["post-30","page","type-page","status-publish","hentry"],"_links":{"self":[{"href":"https:\/\/planonorteencorto.mx\/festival\/wp-json\/wp\/v2\/pages\/30","targetHints":{"allow":["GET"]}}],"collection":[{"href":"https:\/\/planonorteencorto.mx\/festival\/wp-json\/wp\/v2\/pages"}],"about":[{"href":"https:\/\/planonorteencorto.mx\/festival\/wp-json\/wp\/v2\/types\/page"}],"author":[{"embeddable":true,"href":"https:\/\/planonorteencorto.mx\/festival\/wp-json\/wp\/v2\/users\/1"}],"replies":[{"embeddable":true,"href":"https:\/\/planonorteencorto.mx\/festival\/wp-json\/wp\/v2\/comments?post=30"}],"version-history":[{"count":9,"href":"https:\/\/planonorteencorto.mx\/festival\/wp-json\/wp\/v2\/pages\/30\/revisions"}],"predecessor-version":[{"id":1305,"href":"https:\/\/planonorteencorto.mx\/festival\/wp-json\/wp\/v2\/pages\/30\/revisions\/1305"}],"wp:attachment":[{"href":"https:\/\/planonorteencorto.mx\/festival\/wp-json\/wp\/v2\/media?parent=30"}],"curies":[{"name":"wp","href":"https:\/\/api.w.org\/{rel}","templated":true}]}}