{"id":247,"date":"2025-09-27T01:11:05","date_gmt":"2025-09-27T01:11:05","guid":{"rendered":"https:\/\/planonorteencorto.mx\/festival\/?page_id=247"},"modified":"2025-11-23T18:46:47","modified_gmt":"2025-11-24T00:46:47","slug":"programacion","status":"publish","type":"page","link":"https:\/\/planonorteencorto.mx\/festival\/programacion\/","title":{"rendered":"Programaci\u00f3n"},"content":{"rendered":"\n<figure class=\"wp-block-image size-full\"><img loading=\"lazy\" decoding=\"async\" width=\"980\" height=\"196\" src=\"https:\/\/planonorteencorto.mx\/festival\/wp-content\/uploads\/2025\/09\/nosvemosenlasala.jpg\" alt=\"\" class=\"wp-image-299\" srcset=\"https:\/\/planonorteencorto.mx\/festival\/wp-content\/uploads\/2025\/09\/nosvemosenlasala.jpg 980w, https:\/\/planonorteencorto.mx\/festival\/wp-content\/uploads\/2025\/09\/nosvemosenlasala-300x60.jpg 300w, https:\/\/planonorteencorto.mx\/festival\/wp-content\/uploads\/2025\/09\/nosvemosenlasala-768x154.jpg 768w, https:\/\/planonorteencorto.mx\/festival\/wp-content\/uploads\/2025\/09\/nosvemosenlasala-720x144.jpg 720w, https:\/\/planonorteencorto.mx\/festival\/wp-content\/uploads\/2025\/09\/nosvemosenlasala-520x104.jpg 520w, https:\/\/planonorteencorto.mx\/festival\/wp-content\/uploads\/2025\/09\/nosvemosenlasala-320x64.jpg 320w\" sizes=\"auto, (max-width: 980px) 100vw, 980px\" \/><\/figure>\n\n\n\n<div style=\"height:40px\" aria-hidden=\"true\" class=\"wp-block-spacer\"><\/div>\n\n\n\n<div style=\"height:40px\" aria-hidden=\"true\" class=\"wp-block-spacer\"><\/div>\n\n\n\n<h3 class=\"wp-block-heading has-text-align-center\">Esta fue la programaci\u00f3n de la edici\u00f3n 2025 &#8211; nos vemos en 2026<\/h3>\n\n\n\n<h3 class=\"wp-block-heading has-text-color has-link-color wp-elements-8cdbafc41c663defc0bff27601bbf766\" style=\"color:#4f8a8b\"> Identidad y ciudad<\/h3>\n\n\n<span class=\"ci-icontext iconline-big\"><span class=\"ci-icon dashicons dashicons-calendar \" style=\"font-size:24px;margin:0 .35em 0 0;\" aria-hidden=\"true\"><\/span><span class=\"ci-icon-label\">13 de noviembre\/ 17:30h<\/span><\/span>\n\n\n\n<div style=\"height:20px\" aria-hidden=\"true\" class=\"wp-block-spacer\"><\/div>\n\n\n\n<p class=\"has-medium-font-size\">Lo que nos hace, en nuestras acciones, tradiciones, maneras de convivir. El individuo situado en la colectividad, lo que nos caracteriza, nos une, pero tambi\u00e9n nos podr\u00eda enajenar, y c\u00f3mo se (des)integra en las ciudades que habitamos.<\/p>\n\n\n\n<div class=\"wp-block-columns is-layout-flex wp-container-core-columns-is-layout-9d6595d7 wp-block-columns-is-layout-flex\">\n<div class=\"wp-block-column is-layout-flow wp-block-column-is-layout-flow\"><\/div>\n<\/div>\n\n\n\n<h3 class=\"wp-block-heading has-text-color has-link-color wp-elements-95afa5320ee2e2bb5d82d13f5f0ef5af\" style=\"color:#4f8a8b\">Documental<\/h3>\n\n\n<span class=\"ci-icontext iconline-big\"><span class=\"ci-icon dashicons dashicons-calendar \" style=\"font-size:24px;margin:0 .35em 0 0;\" aria-hidden=\"true\"><\/span><span class=\"ci-icon-label\">14 de noviembre\/ 17:30h<\/span><\/span>\n\n\n\n<div style=\"height:20px\" aria-hidden=\"true\" class=\"wp-block-spacer\"><\/div>\n\n\n\n<p class=\"has-medium-font-size\">Expresiones cinematogr\u00e1ficas ce\u00f1idas a buscar la realidad, a trav\u00e9s de las perspectivas de sus realizadores. Visiones que investigan, se adentran y escudri\u00f1an alg\u00fan fen\u00f3meno social, cultural o personal.<\/p>\n\n\n\n<div class=\"wp-block-columns is-layout-flex wp-container-core-columns-is-layout-9d6595d7 wp-block-columns-is-layout-flex\">\n<div class=\"wp-block-column is-layout-flow wp-block-column-is-layout-flow\"><\/div>\n<\/div>\n\n\n\n<h3 class=\"wp-block-heading has-text-color has-link-color wp-elements-3f80973fafe697de539263675cfcd83b\" style=\"color:#4f8a8b\">Tiempo y Registro<\/h3>\n\n\n<span class=\"ci-icontext iconline-big\"><span class=\"ci-icon dashicons dashicons-calendar \" style=\"font-size:24px;margin:0 .35em 0 0;\" aria-hidden=\"true\"><\/span><span class=\"ci-icon-label\">15 de noviembre\/ 17:30h<\/span><\/span>\n\n\n\n<div style=\"height:20px\" aria-hidden=\"true\" class=\"wp-block-spacer\"><\/div>\n\n\n\n<p class=\"has-medium-font-size\">El cine nos permite congelar en im\u00e1genes en movimiento los instantes que denotan cierta temporalidad, regresiones que nos concientizan del tiempo que ha transcurrido, y c\u00f3mo podemos relacionarnos nuevamente con el mismo.<\/p>\n\n\n\n<h3 class=\"wp-block-heading has-text-color has-link-color wp-elements-b4bed49df398a5d382db34cf33aa16d3\" style=\"color:#4f8a8b\">Experimental<\/h3>\n\n\n<span class=\"ci-icontext iconline-big\"><span class=\"ci-icon dashicons dashicons-calendar \" style=\"font-size:24px;margin:0 .35em 0 0;\" aria-hidden=\"true\"><\/span><span class=\"ci-icon-label\">16 de noviembre\/ 17:30h<\/span><\/span>\n\n\n\n<div style=\"height:20px\" aria-hidden=\"true\" class=\"wp-block-spacer\"><\/div>\n\n\n\n<p class=\"has-medium-font-size\">Trabajos que se alejan de las formas tradicionales del cine, con diversas formas, m\u00e9todos y narrativas (o no narrativas) y se atreven a explorar nuevas concepciones de la imagen, de conceptualizar lo cotidiano, las ideas y el cine en s\u00ed mismo.<\/p>\n\n\n\n<p><\/p>\n\n\n\n<figure class=\"wp-block-image size-full\"><img loading=\"lazy\" decoding=\"async\" width=\"1985\" height=\"2552\" src=\"https:\/\/planonorteencorto.mx\/festival\/wp-content\/uploads\/2025\/11\/cartelera.png\" alt=\"\" class=\"wp-image-1272\" srcset=\"https:\/\/planonorteencorto.mx\/festival\/wp-content\/uploads\/2025\/11\/cartelera.png 1985w, https:\/\/planonorteencorto.mx\/festival\/wp-content\/uploads\/2025\/11\/cartelera-233x300.png 233w, https:\/\/planonorteencorto.mx\/festival\/wp-content\/uploads\/2025\/11\/cartelera-359x462.png 359w, https:\/\/planonorteencorto.mx\/festival\/wp-content\/uploads\/2025\/11\/cartelera-768x987.png 768w, https:\/\/planonorteencorto.mx\/festival\/wp-content\/uploads\/2025\/11\/cartelera-1195x1536.png 1195w, https:\/\/planonorteencorto.mx\/festival\/wp-content\/uploads\/2025\/11\/cartelera-1593x2048.png 1593w, https:\/\/planonorteencorto.mx\/festival\/wp-content\/uploads\/2025\/11\/cartelera-720x926.png 720w, https:\/\/planonorteencorto.mx\/festival\/wp-content\/uploads\/2025\/11\/cartelera-520x669.png 520w, https:\/\/planonorteencorto.mx\/festival\/wp-content\/uploads\/2025\/11\/cartelera-320x411.png 320w\" sizes=\"auto, (max-width: 1985px) 100vw, 1985px\" \/><\/figure>\n\n\n\n<p><\/p>\n","protected":false},"excerpt":{"rendered":"<p>Esta fue la programaci\u00f3n de la edici\u00f3n 2025 &#8211; nos vemos en 2026 Identidad y ciudad Lo que nos hace, en nuestras acciones, tradiciones, maneras de convivir. El individuo situado en la colectividad, lo&#46;&#46;&#46;<\/p>\n","protected":false},"author":1,"featured_media":0,"parent":0,"menu_order":0,"comment_status":"closed","ping_status":"closed","template":"","meta":{"footnotes":""},"class_list":["post-247","page","type-page","status-publish","hentry"],"_links":{"self":[{"href":"https:\/\/planonorteencorto.mx\/festival\/wp-json\/wp\/v2\/pages\/247","targetHints":{"allow":["GET"]}}],"collection":[{"href":"https:\/\/planonorteencorto.mx\/festival\/wp-json\/wp\/v2\/pages"}],"about":[{"href":"https:\/\/planonorteencorto.mx\/festival\/wp-json\/wp\/v2\/types\/page"}],"author":[{"embeddable":true,"href":"https:\/\/planonorteencorto.mx\/festival\/wp-json\/wp\/v2\/users\/1"}],"replies":[{"embeddable":true,"href":"https:\/\/planonorteencorto.mx\/festival\/wp-json\/wp\/v2\/comments?post=247"}],"version-history":[{"count":51,"href":"https:\/\/planonorteencorto.mx\/festival\/wp-json\/wp\/v2\/pages\/247\/revisions"}],"predecessor-version":[{"id":1321,"href":"https:\/\/planonorteencorto.mx\/festival\/wp-json\/wp\/v2\/pages\/247\/revisions\/1321"}],"wp:attachment":[{"href":"https:\/\/planonorteencorto.mx\/festival\/wp-json\/wp\/v2\/media?parent=247"}],"curies":[{"name":"wp","href":"https:\/\/api.w.org\/{rel}","templated":true}]}}