{"id":1121,"date":"2025-10-26T19:26:05","date_gmt":"2025-10-27T01:26:05","guid":{"rendered":"https:\/\/planonorteencorto.mx\/festival\/?page_id=1121"},"modified":"2025-10-29T09:22:25","modified_gmt":"2025-10-29T15:22:25","slug":"ponencias","status":"publish","type":"page","link":"https:\/\/planonorteencorto.mx\/festival\/ponencias\/","title":{"rendered":"Ponencias"},"content":{"rendered":"\n<p>Aqu\u00ed se habla de cine con los pies en el norte. Las Ponencias son conversaciones francas con quienes hacen que las pel\u00edculas sucedan: creadoras, productores, programadoras, curadores y referentes de la cadena de valor. <\/p>\n\n\n\n<p>Trae tus preguntas, tu bit\u00e1cora y tus ideas: saldr\u00e1s con herramientas concretas, contactos clave y un mapa m\u00e1s claro para tu siguiente proyecto.<\/p>\n\n\n\n<div class=\"wp-block-columns is-layout-flex wp-container-core-columns-is-layout-9d6595d7 wp-block-columns-is-layout-flex\">\n<div class=\"wp-block-column is-layout-flow wp-block-column-is-layout-flow\"><span class=\"ci-icontext iconline-big\"><span class=\"ci-icon dashicons dashicons-calendar \" style=\"font-size:24px;margin:0 .35em 0 0;\" aria-hidden=\"true\"><\/span><span class=\"ci-icon-label\">jueves 13 \/ 15:00h<\/span><\/span>\n\n\n\n<p><\/p>\n\n\n\n<p class=\"has-medium-font-size\"><strong>Izrael Moreno<\/strong><\/p>\n\n\n\n<p class=\"has-medium-font-size\">Rector de la Facultad de Cine, S. C. y director de IZ Films<br><a href=\"https:\/\/www.instagram.com\/izraelmoreno\" target=\"_blank\" rel=\"noreferrer noopener\">@izraelmoreno<\/a><br><br>Ponencia:<br>Alegr\u00eda y Desparpajo,<br>para hacer un pitch&#8230;<\/p>\n<\/div>\n\n\n\n<div class=\"wp-block-column is-layout-flow wp-block-column-is-layout-flow\"><span class=\"ci-icontext iconline-big\"><span class=\"ci-icon dashicons dashicons-calendar \" style=\"font-size:24px;margin:0 .35em 0 0;\" aria-hidden=\"true\"><\/span><span class=\"ci-icon-label\">viernes 14 \/ 15:00h<\/span><\/span>\n\n\n\n<p><\/p>\n\n\n\n<p class=\"has-medium-font-size\"><strong>Camilla Demichelis<\/strong><\/p>\n\n\n\n<p class=\"has-medium-font-size\">Premio de La Juventud \/<br>30-30 mexican leaders \/ Filmmaker\ud83c\uddee\ud83c\uddf9\ud83c\uddf2\ud83c\uddfd\ud83c\uddeb\ud83c\uddf7<br>Grammy nominated <br>CEO\u00a0<a href=\"https:\/\/www.instagram.com\/48horascinemx\/\" target=\"_blank\" rel=\"noreferrer noopener\">@48horascinemx<\/a><\/p>\n<\/div>\n<\/div>\n\n\n\n<hr class=\"wp-block-separator has-alpha-channel-opacity\"\/>\n\n\n\n<div class=\"wp-block-columns is-layout-flex wp-container-core-columns-is-layout-9d6595d7 wp-block-columns-is-layout-flex\">\n<div class=\"wp-block-column is-layout-flow wp-block-column-is-layout-flow\"><span class=\"ci-icontext iconline-big\"><span class=\"ci-icon dashicons dashicons-calendar \" style=\"font-size:24px;margin:0 .35em 0 0;\" aria-hidden=\"true\"><\/span><span class=\"ci-icon-label\">s\u00e1bado 15 \/ 15:00h<\/span><\/span>\n\n\n\n<p><\/p>\n\n\n\n<p class=\"has-medium-font-size\"><strong>Jos\u00e9 Jimenez<\/strong><\/p>\n\n\n\n<p class=\"has-medium-font-size\">Travel docuseries host, photographer &amp; producer<br>NikonAmbassador<br><a href=\"https:\/\/www.instagram.com\/fotografoviajero\/\" target=\"_blank\" rel=\"noreferrer noopener\">@fotografoviajero<\/a><\/p>\n\n\n\n<p class=\"has-medium-font-size\">Ponencia:<br>ZCinema<br>Cinematograf\u00eda Documental<br><\/p>\n<\/div>\n\n\n\n<div class=\"wp-block-column is-layout-flow wp-block-column-is-layout-flow\"><span class=\"ci-icontext iconline-big\"><span class=\"ci-icon dashicons dashicons-calendar \" style=\"font-size:24px;margin:0 .35em 0 0;\" aria-hidden=\"true\"><\/span><span class=\"ci-icon-label\">domingo 16 \/ 15:00h<\/span><\/span>\n\n\n\n<p><\/p>\n\n\n\n<p class=\"has-medium-font-size\"><strong>Mauricio Elizondo<\/strong><br><br>Cineasta, Artista, Fot\u00f3grafo<br><a href=\"https:\/\/www.instagram.com\/mauricioelizondo.oficial\/\" target=\"_blank\" rel=\"noreferrer noopener\">@mauricioelizondo.oficial<\/a><br><br>Ponencia:<br><em>Transitar de video a cine<\/em><\/p>\n<\/div>\n<\/div>\n\n\n\n<p><\/p>\n","protected":false},"excerpt":{"rendered":"<p>Aqu\u00ed se habla de cine con los pies en el norte. Las Ponencias son conversaciones francas con quienes hacen que las pel\u00edculas sucedan: creadoras, productores, programadoras, curadores y referentes de la cadena de valor.&#46;&#46;&#46;<\/p>\n","protected":false},"author":1,"featured_media":0,"parent":0,"menu_order":0,"comment_status":"closed","ping_status":"closed","template":"","meta":{"footnotes":""},"class_list":["post-1121","page","type-page","status-publish","hentry"],"_links":{"self":[{"href":"https:\/\/planonorteencorto.mx\/festival\/wp-json\/wp\/v2\/pages\/1121","targetHints":{"allow":["GET"]}}],"collection":[{"href":"https:\/\/planonorteencorto.mx\/festival\/wp-json\/wp\/v2\/pages"}],"about":[{"href":"https:\/\/planonorteencorto.mx\/festival\/wp-json\/wp\/v2\/types\/page"}],"author":[{"embeddable":true,"href":"https:\/\/planonorteencorto.mx\/festival\/wp-json\/wp\/v2\/users\/1"}],"replies":[{"embeddable":true,"href":"https:\/\/planonorteencorto.mx\/festival\/wp-json\/wp\/v2\/comments?post=1121"}],"version-history":[{"count":6,"href":"https:\/\/planonorteencorto.mx\/festival\/wp-json\/wp\/v2\/pages\/1121\/revisions"}],"predecessor-version":[{"id":1169,"href":"https:\/\/planonorteencorto.mx\/festival\/wp-json\/wp\/v2\/pages\/1121\/revisions\/1169"}],"wp:attachment":[{"href":"https:\/\/planonorteencorto.mx\/festival\/wp-json\/wp\/v2\/media?parent=1121"}],"curies":[{"name":"wp","href":"https:\/\/api.w.org\/{rel}","templated":true}]}}